{"id":5777,"date":"2013-07-12T12:34:28","date_gmt":"2013-07-12T10:34:28","guid":{"rendered":"http:\/\/staging.maisel-consulting.com\/?page_id=5777"},"modified":"2022-05-19T13:24:24","modified_gmt":"2022-05-19T11:24:24","slug":"impressum","status":"publish","type":"page","link":"https:\/\/staging.maisel-consulting.com\/en\/impressum\/","title":{"rendered":"Impressum"},"content":{"rendered":"<div class=\"fusion-fullwidth fullwidth-box fusion-builder-row-1 nonhundred-percent-fullwidth non-hundred-percent-height-scrolling\" style=\"--awb-border-radius-top-left:0px;--awb-border-radius-top-right:0px;--awb-border-radius-bottom-right:0px;--awb-border-radius-bottom-left:0px;--awb-flex-wrap:wrap;\" ><div class=\"fusion-builder-row fusion-row\"><div class=\"fusion-layout-column fusion_builder_column fusion-builder-column-0 fusion_builder_column_1_1 1_1 fusion-one-full fusion-column-first fusion-column-last\" style=\"--awb-bg-size:cover;--awb-margin-bottom:0px;\"><div class=\"fusion-column-wrapper fusion-flex-column-wrapper-legacy\"><div class=\"fusion-text fusion-text-1\"><h2>Angaben lt. Teledienstegesetz:<\/h2>\n<p>MAISEL CONSULTING GmbH &amp; Co. KG<br \/>\nOrganisations- und Personalberatung<br \/>\nWieseneckstrasse 26<br \/>\nD-90571 Schwaig<\/p>\n<p>Telefon +49 (0)911 95 35 &#8211; 250<br \/>\nTelefax +49 (0)911 95 35 &#8211; 260<br \/>\nE-Mail info@maisel-consulting.de<\/p>\n<p>Amtsgericht N\u00fcrnberg<br \/>\nHRA 12523<br \/>\nUST-ID-Nr.: DE 218 984 828<\/p>\n<h3>Pers\u00f6nlich haftende Gesellschafterin:<\/h3>\n<p>MAISEL CONSULTING Verwaltungs GmbH<br \/>\nHRB 8712<br \/>\nGesch\u00e4ftsf\u00fchrer:<br \/>\nDipl.-Kffr. Ursula Maisel<br \/>\nBusiness Manager (FH) Christoph Helm<\/p>\n<h3>Inhaltlich Verantwortlicher gem\u00e4\u00df \u00a7 18 Abs. 2 MstV:<\/h3>\n<p>Christoph Helm<\/p>\n<h2>Rechtliche Hinweise:<\/h2>\n<p>Sofern wir Links auf andere Internetpr\u00e4senzen anbieten, werden diese regelm\u00e4\u00dfig \u00fcberpr\u00fcft. Jedoch ist es uns nicht m\u00f6glich, hierf\u00fcr eine Haftung zu \u00fcbernehmen. Daher weisen wir ausdr\u00fccklich darauf hin, dass wir f\u00fcr Links auf externe Seiten keine Haftung \u00fcbernehmen.<\/p>\n<p>Auf dieser Website ausgewiesene Markennamen und Warenzeichen geh\u00f6ren ihren jeweiligen Eigent\u00fcmern.<\/p>\n<p><em>Die verwendeten Bilder dieser Website stammen von 123RF.com: \u00a9 Andres Rodriguez, \u00a9 Benis Arapovic, \u00a9 goodluz, \u00a9 adamgregor, \u00a9 ginasanders, \u00a9 capricornis, \u00a9 ariwasabi, \u00a9 Dmitriy Shironosov<\/em><\/p>\n<\/div><div class=\"fusion-clearfix\"><\/div><\/div><\/div><\/div><\/div>\n","protected":false},"excerpt":{"rendered":"","protected":false},"author":1,"featured_media":0,"parent":0,"menu_order":1000,"comment_status":"closed","ping_status":"closed","template":"","meta":{"footnotes":""},"_links":{"self":[{"href":"https:\/\/staging.maisel-consulting.com\/en\/wp-json\/wp\/v2\/pages\/5777"}],"collection":[{"href":"https:\/\/staging.maisel-consulting.com\/en\/wp-json\/wp\/v2\/pages"}],"about":[{"href":"https:\/\/staging.maisel-consulting.com\/en\/wp-json\/wp\/v2\/types\/page"}],"author":[{"embeddable":true,"href":"https:\/\/staging.maisel-consulting.com\/en\/wp-json\/wp\/v2\/users\/1"}],"replies":[{"embeddable":true,"href":"https:\/\/staging.maisel-consulting.com\/en\/wp-json\/wp\/v2\/comments?post=5777"}],"version-history":[{"count":9,"href":"https:\/\/staging.maisel-consulting.com\/en\/wp-json\/wp\/v2\/pages\/5777\/revisions"}],"predecessor-version":[{"id":12259,"href":"https:\/\/staging.maisel-consulting.com\/en\/wp-json\/wp\/v2\/pages\/5777\/revisions\/12259"}],"wp:attachment":[{"href":"https:\/\/staging.maisel-consulting.com\/en\/wp-json\/wp\/v2\/media?parent=5777"}],"curies":[{"name":"wp","href":"https:\/\/api.w.org\/{rel}","templated":true}]}}