{"id":4233,"date":"2013-01-19T20:28:10","date_gmt":"2013-01-19T20:28:10","guid":{"rendered":"http:\/\/staging.maisel-consulting.com\/unsere-leistungen\/ihr-mcg-team\/"},"modified":"2023-08-01T09:28:41","modified_gmt":"2023-08-01T07:28:41","slug":"ihr-mcg-team","status":"publish","type":"page","link":"https:\/\/staging.maisel-consulting.com\/en\/ihr-mcg-team\/","title":{"rendered":"Team"},"content":{"rendered":"<p><div class=\"fusion-fullwidth fullwidth-box fusion-builder-row-1 hundred-percent-fullwidth non-hundred-percent-height-scrolling\" style=\"--awb-border-radius-top-left:0px;--awb-border-radius-top-right:0px;--awb-border-radius-bottom-right:0px;--awb-border-radius-bottom-left:0px;--awb-overflow:visible;--awb-margin-top:30px;--awb-margin-bottom:0px;--awb-background-color:rgba(255,255,255,0);--awb-flex-wrap:wrap;\" ><div class=\"fusion-builder-row fusion-row\"><div class=\"fusion-layout-column fusion_builder_column fusion-builder-column-0 fusion_builder_column_1_1 1_1 fusion-one-full fusion-column-first fusion-column-last fusion-column-no-min-height\" style=\"--awb-bg-size:cover;--awb-margin-bottom:0px;\"><div class=\"fusion-column-wrapper fusion-flex-column-wrapper-legacy\"><div class=\"fusion-sep-clear\"><\/div><div class=\"fusion-separator fusion-full-width-sep\" style=\"margin-left: auto;margin-right: auto;width:100%;\"><\/div><div class=\"fusion-sep-clear\"><\/div><div class=\"fusion-clearfix\"><\/div><\/div><\/div><\/div><\/div><div class=\"fusion-fullwidth fullwidth-box fusion-builder-row-2 hundred-percent-fullwidth non-hundred-percent-height-scrolling\" style=\"--awb-border-radius-top-left:0px;--awb-border-radius-top-right:0px;--awb-border-radius-bottom-right:0px;--awb-border-radius-bottom-left:0px;--awb-overflow:visible;--awb-flex-wrap:wrap;\" ><div class=\"fusion-builder-row fusion-row\"><div class=\"fusion-layout-column fusion_builder_column fusion-builder-column-1 fusion_builder_column_1_1 1_1 fusion-one-full fusion-column-first fusion-column-last fusion-column-no-min-height\" style=\"--awb-bg-size:cover;--awb-margin-bottom:0px;\"><div class=\"fusion-column-wrapper fusion-flex-column-wrapper-legacy\"><style type='text\/css'>.reading-box-container-1 .element-bottomshadow:before,.reading-box-container-1 .element-bottomshadow:after{opacity:0.7;}<\/style><div class=\"fusion-reading-box-container reading-box-container-1\" style=\"--awb-title-color:#333333;--awb-margin-top:0px;--awb-margin-bottom:84px;\"><div class=\"reading-box\" style=\"background-color:#f2efef;border-width:1px;border-color:#f6f6f6;border-left-width:3px;border-left-color:var(--primary_color);border-style:solid;\"><h2>\u00dcber 1.000 Besetzungsprojekte in Europa, Nord- und S\u00fcdamerika, Afrika und Asien.<\/h2><div class=\"reading-box-description fusion-reading-box-additional\">Aber hinter diesen Zahlen und Erfolgsmeldungen stehen vor allem eine gro\u00dfe Portion Menschenkenntnis und das professionelle Erkennen und Erforschen echter Potenziale. Denn darum geht es in unserem Beruf: um die Besch\u00e4ftigung mit Menschen, ihren Kompetenzen, M\u00f6glichkeiten, Perspektiven \u2013 fachlich und emotional. Authentizit\u00e4t und Verl\u00e4sslichkeit, Einlassen und Vertrauen sind dabei f\u00fcr uns keine Schlagworte, sondern seit 24 Jahren gelebte Praxis und unser Angebot an unsere Kunden und Kundinnen, Kandidaten und Kandidatinnen.\n\nUm Ihnen diesen Service bieten zu k\u00f6nnen, arbeiten wir bei MAISEL CONSULTING als ein homogenes Team zusammen. Nicht nur Ihr jeweiliger Berater oder Beraterin ist jederzeit in der Lage Ihnen kompetent weiterzuhelfen, sondern auch alle anderen Kollegen und Kolleginnen unterst\u00fctzen Sie gern entsprechend Ihrer pers\u00f6nlichen Bedarfssituation.\n\nNehmen Sie Kontakt auf!<\/div><div class=\"fusion-clearfix\"><\/div><\/div><\/div><div class=\"fusion-sep-clear\"><\/div><div class=\"fusion-separator fusion-full-width-sep\" style=\"margin-left: auto;margin-right: auto;margin-top:-10px;width:100%;\"><\/div><div class=\"fusion-sep-clear\"><\/div><div class=\"fusion-text fusion-text-1\"><h2>Ihr MAISEL CONSULTING Team<\/h2>\n<\/div><div class=\"fusion-clearfix\"><\/div><\/div><\/div><div class=\"fusion-layout-column fusion_builder_column fusion-builder-column-2 fusion_builder_column_1_3 1_3 fusion-one-third fusion-column-first\" style=\"--awb-bg-size:cover;width:30.6666%; margin-right: 4%;\"><div class=\"fusion-column-wrapper fusion-flex-column-wrapper-legacy\"><div class=\"fusion-person person fusion-person-left fusion-person-1 fusion-person-icon-bottom\" style=\"--awb-pic-style-color:#000000;--awb-pic-borderradius:0px;--awb-margin-top:0px;--awb-margin-right:0px;--awb-margin-bottom:0px;--awb-margin-left:0px;--awb-social-box-border-top:0px;--awb-social-box-border-right:0px;--awb-social-box-border-bottom:0px;--awb-social-box-border-left:0px;--awb-social-box-border-color:var(--awb-color3);--awb-social-box-border-color-hover:var(--awb-color4);--awb-social-box-colors-hover:rgba(232,232,232,0.8);--awb-social-icon-boxed-colors:#e8e8e8;--awb-social-icon-colors:#bebdbd;--awb-social-icon-colors-hover:rgba(190,189,189,0.8);\"><div class=\"person-shortcode-image-wrapper\"><div class=\"person-image-container hover-type-none\" style=\"border:0px solid #f6f6f6;-webkit-border-radius:0px;-moz-border-radius:0px;border-radius:0px;\"><img decoding=\"async\" class=\"person-img img-responsive wp-image-13183\" width=\"1024\" height=\"1434\" src=\"https:\/\/staging.maisel-consulting.com\/wp-content\/uploads\/Ursula-Maisel-geringe-Saettigung.jpg\" alt=\"Ursula Maisel\" srcset=\"https:\/\/staging.maisel-consulting.com\/wp-content\/uploads\/Ursula-Maisel-geringe-Saettigung-200x280.jpg 200w, https:\/\/staging.maisel-consulting.com\/wp-content\/uploads\/Ursula-Maisel-geringe-Saettigung-400x560.jpg 400w, https:\/\/staging.maisel-consulting.com\/wp-content\/uploads\/Ursula-Maisel-geringe-Saettigung-600x840.jpg 600w, https:\/\/staging.maisel-consulting.com\/wp-content\/uploads\/Ursula-Maisel-geringe-Saettigung-800x1120.jpg 800w, https:\/\/staging.maisel-consulting.com\/wp-content\/uploads\/Ursula-Maisel-geringe-Saettigung.jpg 1024w\" sizes=\"(max-width: 800px) 100vw, 400px\" \/><\/div><\/div><div class=\"person-desc\" style=\"background-color:#ffffff;padding:40px;margin-top:0;\"><div class=\"person-author\"><div class=\"person-author-wrapper\"><span class=\"person-name\">Ursula Maisel<\/span><span class=\"person-title\">Gesch\u00e4ftsf\u00fchrung und Beratung<\/span><\/div><\/div><div class=\"person-content fusion-clearfix\"><a href=\"mailto:ursula.maisel@maisel-consulting.de\">ursula.maisel@maisel-consulting.de<\/a><br \/>\nT\u00a0\u00a0+49-911-95 35-251<\/div><div class=\"fusion-social-networks\"><div class=\"fusion-social-networks-wrapper\"><a class=\"fusion-social-network-icon fusion-tooltip fusion-linkedin awb-icon-linkedin custom\" aria-label=\"fusion-linkedin\" href=\"http:\/\/www.linkedin.com\/profile\/view?id=297887906&amp;locale=de_DE&amp;trk=tyah\" target=\"_blank\" rel=\"noopener noreferrer\" style=\"color:#bebdbd;font-size:16px;\" data-placement=\"top\" data-title=\"LinkedIn\" title=\"LinkedIn\" data-toggle=\"tooltip\"><\/a><a class=\"fusion-social-network-icon fusion-tooltip fusion-dribbble awb-icon-dribbble custom\" aria-label=\"fusion-dribbble\" href=\"https:\/\/www.xing.com\/profile\/Ursula_Maisel?sc_o=b5540_1\" target=\"_blank\" rel=\"noopener noreferrer\" style=\"color:#bebdbd;font-size:16px;\" data-placement=\"top\" data-title=\"Dribbble\" title=\"Dribbble\" data-toggle=\"tooltip\"><\/a><\/div><\/div><\/div><\/div><div class=\"fusion-clearfix\"><\/div><\/div><\/div><div class=\"fusion-layout-column fusion_builder_column fusion-builder-column-3 fusion_builder_column_1_3 1_3 fusion-one-third\" style=\"--awb-bg-size:cover;width:30.6666%; margin-right: 4%;\"><div class=\"fusion-column-wrapper fusion-flex-column-wrapper-legacy\"><div class=\"fusion-person person fusion-person-left fusion-person-2 fusion-person-icon-bottom\" style=\"--awb-pic-style-color:var(--awb-color8);--awb-pic-borderradius:0px;--awb-margin-top:0px;--awb-margin-right:0px;--awb-margin-bottom:0px;--awb-margin-left:0px;--awb-social-box-border-top:0px;--awb-social-box-border-right:0px;--awb-social-box-border-bottom:0px;--awb-social-box-border-left:0px;--awb-social-box-border-color:var(--awb-color3);--awb-social-box-border-color-hover:var(--awb-color4);--awb-social-box-colors-hover:rgba(232,232,232,0.8);--awb-social-icon-boxed-colors:#e8e8e8;--awb-social-icon-colors:#bebdbd;--awb-social-icon-colors-hover:rgba(190,189,189,0.8);\"><div class=\"person-shortcode-image-wrapper\"><div class=\"person-image-container hover-type-none\" style=\"border:0px solid #f6f6f6;-webkit-border-radius:0px;-moz-border-radius:0px;border-radius:0px;\"><img decoding=\"async\" class=\"person-img img-responsive\" src=\"http:\/\/staging.maisel-consulting.com\/wp-content\/uploads\/KO-ChristophHelm.jpg\" alt=\"Christoph Helm\" \/><\/div><\/div><div class=\"person-desc\" style=\"background-color:#ffffff;padding:40px;margin-top:0;\"><div class=\"person-author\"><div class=\"person-author-wrapper\"><span class=\"person-name\">Christoph Helm<\/span><span class=\"person-title\">Gesch\u00e4ftsf\u00fchrung und Beratung<\/span><\/div><\/div><div class=\"person-content fusion-clearfix\"><a href=\"mailto:christoph.helm@maisel-consulting.de\">christoph.helm@maisel-consulting.de<\/a><br \/>\nT\u00a0\u00a0+49-911-95 35-254<\/div><div class=\"fusion-social-networks\"><div class=\"fusion-social-networks-wrapper\"><a class=\"fusion-social-network-icon fusion-tooltip fusion-linkedin awb-icon-linkedin custom\" aria-label=\"fusion-linkedin\" href=\"http:\/\/www.linkedin.com\/profile\/view?id=26784622&amp;trk=tab_pro\" target=\"_blank\" rel=\"noopener noreferrer\" style=\"color:#bebdbd;font-size:16px;\" data-placement=\"top\" data-title=\"LinkedIn\" title=\"LinkedIn\" data-toggle=\"tooltip\"><\/a><a class=\"fusion-social-network-icon fusion-tooltip fusion-dribbble awb-icon-dribbble custom\" aria-label=\"fusion-dribbble\" href=\"https:\/\/www.xing.com\/profile\/Christoph_Helm2?sc_o=mxb_p\" target=\"_blank\" rel=\"noopener noreferrer\" style=\"color:#bebdbd;font-size:16px;\" data-placement=\"top\" data-title=\"Dribbble\" title=\"Dribbble\" data-toggle=\"tooltip\"><\/a><\/div><\/div><\/div><\/div><div class=\"fusion-clearfix\"><\/div><\/div><\/div><div class=\"fusion-layout-column fusion_builder_column fusion-builder-column-4 fusion_builder_column_1_3 1_3 fusion-one-third fusion-column-last\" style=\"--awb-bg-size:cover;width:30.6666%;\"><div class=\"fusion-column-wrapper fusion-flex-column-wrapper-legacy\"><div class=\"fusion-person person fusion-person-left fusion-person-3 fusion-person-icon-bottom\" style=\"--awb-pic-style-color:var(--awb-color8);--awb-pic-borderradius:0px;--awb-margin-top:0px;--awb-margin-right:0px;--awb-margin-bottom:0px;--awb-margin-left:0px;--awb-social-box-border-top:0px;--awb-social-box-border-right:0px;--awb-social-box-border-bottom:0px;--awb-social-box-border-left:0px;--awb-social-box-border-color:var(--awb-color3);--awb-social-box-border-color-hover:var(--awb-color4);--awb-social-box-colors-hover:rgba(232,232,232,0.8);--awb-social-icon-boxed-colors:#e8e8e8;--awb-social-icon-colors:#bebdbd;--awb-social-icon-colors-hover:rgba(190,189,189,0.8);\"><div class=\"person-shortcode-image-wrapper\"><div class=\"person-image-container hover-type-none\" style=\"border:0px solid #f6f6f6;-webkit-border-radius:0px;-moz-border-radius:0px;border-radius:0px;\"><img decoding=\"async\" class=\"person-img img-responsive wp-image-13125\" width=\"1453\" height=\"1695\" src=\"https:\/\/staging.maisel-consulting.com\/wp-content\/uploads\/Bild-Nela-e1683111821860.jpg\" alt=\"Nela Dewald\" \/><\/div><\/div><div class=\"person-desc\" style=\"background-color:#ffffff;padding:40px;margin-top:0;\"><div class=\"person-author\"><div class=\"person-author-wrapper\"><span class=\"person-name\">Nela Dewald<\/span><span class=\"person-title\">Personalberaterin<\/span><\/div><\/div><div class=\"person-content fusion-clearfix\"><a href=\"mailto:nela.dewald@maisel-consulting.de\">nela.dewald@maisel-consulting.de<\/a><br \/>\nT\u00a0\u00a0+49-911-95 35-253<\/p>\n<\/div><div class=\"fusion-social-networks\"><div class=\"fusion-social-networks-wrapper\"><a class=\"fusion-social-network-icon fusion-tooltip fusion-linkedin awb-icon-linkedin custom\" aria-label=\"fusion-linkedin\" href=\"https:\/\/www.linkedin.com\/in\/nela-dewald-347697189\/\" target=\"_blank\" rel=\"noopener noreferrer\" style=\"color:#bebdbd;font-size:16px;\" data-placement=\"top\" data-title=\"LinkedIn\" title=\"LinkedIn\" data-toggle=\"tooltip\"><\/a><a class=\"fusion-social-network-icon fusion-tooltip fusion-dribbble awb-icon-dribbble custom\" aria-label=\"fusion-dribbble\" href=\"https:\/\/www.xing.com\/profile\/Nela_Dewald\/cv\" target=\"_blank\" rel=\"noopener noreferrer\" style=\"color:#bebdbd;font-size:16px;\" data-placement=\"top\" data-title=\"Dribbble\" title=\"Dribbble\" data-toggle=\"tooltip\"><\/a><\/div><\/div><\/div><\/div><div class=\"fusion-clearfix\"><\/div><\/div><\/div><div class=\"fusion-layout-column fusion_builder_column fusion-builder-column-5 fusion_builder_column_1_3 1_3 fusion-one-third fusion-column-first\" style=\"--awb-bg-size:cover;width:30.6666%; margin-right: 4%;\"><div class=\"fusion-column-wrapper fusion-flex-column-wrapper-legacy\"><div class=\"fusion-person person fusion-person-left fusion-person-4 fusion-person-icon-bottom\" style=\"--awb-pic-style-color:var(--awb-color8);--awb-pic-borderradius:0px;--awb-margin-top:0px;--awb-margin-right:0px;--awb-margin-bottom:0px;--awb-margin-left:0px;--awb-social-box-border-top:0px;--awb-social-box-border-right:0px;--awb-social-box-border-bottom:0px;--awb-social-box-border-left:0px;--awb-social-box-border-color:var(--awb-color3);--awb-social-box-border-color-hover:var(--awb-color4);--awb-social-box-colors-hover:rgba(232,232,232,0.8);--awb-social-icon-boxed-colors:#e8e8e8;--awb-social-icon-colors:#bebdbd;--awb-social-icon-colors-hover:rgba(190,189,189,0.8);\"><div class=\"person-shortcode-image-wrapper\"><div class=\"person-image-container hover-type-none\" style=\"border:0px solid #f6f6f6;-webkit-border-radius:0px;-moz-border-radius:0px;border-radius:0px;\"><img decoding=\"async\" class=\"person-img img-responsive wp-image-9677\" width=\"1024\" height=\"1405\" src=\"https:\/\/staging.maisel-consulting.com\/wp-content\/uploads\/JL_gr-e1651571838513.jpg\" alt=\"Juliana Saam\" srcset=\"https:\/\/staging.maisel-consulting.com\/wp-content\/uploads\/JL_gr-e1651571838513-200x274.jpg 200w, https:\/\/staging.maisel-consulting.com\/wp-content\/uploads\/JL_gr-e1651571838513-400x549.jpg 400w, https:\/\/staging.maisel-consulting.com\/wp-content\/uploads\/JL_gr-e1651571838513-600x823.jpg 600w, https:\/\/staging.maisel-consulting.com\/wp-content\/uploads\/JL_gr-e1651571838513-800x1098.jpg 800w, https:\/\/staging.maisel-consulting.com\/wp-content\/uploads\/JL_gr-e1651571838513.jpg 1024w\" sizes=\"(max-width: 800px) 100vw, 400px\" \/><\/div><\/div><div class=\"person-desc\" style=\"background-color:#ffffff;padding:40px;margin-top:0;\"><div class=\"person-author\"><div class=\"person-author-wrapper\"><span class=\"person-name\">Juliana Saam<\/span><span class=\"person-title\">Projektassistenz<\/span><\/div><\/div><div class=\"person-content fusion-clearfix\"><a href=\"mailto:juliana.saam@maisel-consulting.de\">juliana.saam@maisel-consulting.de<\/a><br \/>\nT\u00a0\u00a0+49-911-95 35-250<\/div><div class=\"fusion-social-networks\"><div class=\"fusion-social-networks-wrapper\"><a class=\"fusion-social-network-icon fusion-tooltip fusion-dribbble awb-icon-dribbble custom\" aria-label=\"fusion-dribbble\" href=\"https:\/\/www.xing.com\/profile\/Juliana_Saam\" target=\"_blank\" rel=\"noopener noreferrer\" style=\"color:#bebdbd;font-size:16px;\" data-placement=\"top\" data-title=\"Dribbble\" title=\"Dribbble\" data-toggle=\"tooltip\"><\/a><\/div><\/div><\/div><\/div><div class=\"fusion-clearfix\"><\/div><\/div><\/div><div class=\"fusion-layout-column fusion_builder_column fusion-builder-column-6 fusion_builder_column_1_3 1_3 fusion-one-third\" style=\"--awb-bg-size:cover;width:30.6666%; margin-right: 4%;\"><div class=\"fusion-column-wrapper fusion-flex-column-wrapper-legacy\"><div class=\"fusion-person person fusion-person-left fusion-person-5 fusion-person-icon-bottom\" style=\"--awb-pic-style-color:var(--awb-color8);--awb-pic-borderradius:0px;--awb-margin-top:0px;--awb-margin-right:0px;--awb-margin-bottom:0px;--awb-margin-left:0px;--awb-social-box-border-top:0px;--awb-social-box-border-right:0px;--awb-social-box-border-bottom:0px;--awb-social-box-border-left:0px;--awb-social-box-border-color:var(--awb-color3);--awb-social-box-border-color-hover:var(--awb-color4);--awb-social-box-colors-hover:rgba(232,232,232,0.8);--awb-social-icon-boxed-colors:#e8e8e8;--awb-social-icon-colors:#bebdbd;--awb-social-icon-colors-hover:rgba(190,189,189,0.8);\"><div class=\"person-shortcode-image-wrapper\"><div class=\"person-image-container hover-type-none\" style=\"border:0px solid #f6f6f6;-webkit-border-radius:0px;-moz-border-radius:0px;border-radius:0px;\"><img decoding=\"async\" class=\"person-img img-responsive wp-image-12591\" width=\"1925\" height=\"2560\" src=\"https:\/\/staging.maisel-consulting.com\/wp-content\/uploads\/Bild_1-scaled-e1665134660820.jpg\" alt=\"Leonora Eistetter\" \/><\/div><\/div><div class=\"person-desc\" style=\"background-color:#ffffff;padding:40px;margin-top:0;\"><div class=\"person-author\"><div class=\"person-author-wrapper\"><span class=\"person-name\">Leonora Eistetter<\/span><span class=\"person-title\">Projektassistenz<\/span><\/div><\/div><div class=\"person-content fusion-clearfix\"><a href=\"mailto:leonora.eistetter@maisel-consulting.de\">leonora.eistetter@maisel-consulting.de<\/a><br \/>\nT\u00a0\u00a0+49-911-95 35-256<\/div><div class=\"fusion-social-networks\"><div class=\"fusion-social-networks-wrapper\"><a class=\"fusion-social-network-icon fusion-tooltip fusion-linkedin awb-icon-linkedin custom\" aria-label=\"fusion-linkedin\" href=\"https:\/\/www.linkedin.com\/in\/leonora-eistetter-128993209\/\" target=\"_blank\" rel=\"noopener noreferrer\" style=\"color:#bebdbd;font-size:16px;\" data-placement=\"top\" data-title=\"LinkedIn\" title=\"LinkedIn\" data-toggle=\"tooltip\"><\/a><a class=\"fusion-social-network-icon fusion-tooltip fusion-dribbble awb-icon-dribbble custom\" aria-label=\"fusion-dribbble\" href=\"https:\/\/www.xing.com\/profile\/Leonora_Eistetter?sc_o=navigation_search_incremental_result_click\" target=\"_blank\" rel=\"noopener noreferrer\" style=\"color:#bebdbd;font-size:16px;\" data-placement=\"top\" data-title=\"Dribbble\" title=\"Dribbble\" data-toggle=\"tooltip\"><\/a><\/div><\/div><\/div><\/div><div class=\"fusion-clearfix\"><\/div><\/div><\/div><div class=\"fusion-layout-column fusion_builder_column fusion-builder-column-7 fusion_builder_column_1_3 1_3 fusion-one-third fusion-column-last\" style=\"--awb-bg-size:cover;width:30.6666%;\"><div class=\"fusion-column-wrapper fusion-flex-column-wrapper-legacy\"><div class=\"fusion-person person fusion-person-left fusion-person-6 fusion-person-icon-bottom\" style=\"--awb-pic-style-color:var(--awb-color8);--awb-pic-borderradius:0px;--awb-margin-top:0px;--awb-margin-right:0px;--awb-margin-bottom:0px;--awb-margin-left:0px;--awb-social-box-border-top:0px;--awb-social-box-border-right:0px;--awb-social-box-border-bottom:0px;--awb-social-box-border-left:0px;--awb-social-box-border-color:var(--awb-color3);--awb-social-box-border-color-hover:var(--awb-color4);--awb-social-box-colors-hover:rgba(232,232,232,0.8);--awb-social-icon-boxed-colors:#e8e8e8;--awb-social-icon-colors:#bebdbd;--awb-social-icon-colors-hover:rgba(190,189,189,0.8);\"><div class=\"person-shortcode-image-wrapper\"><div class=\"person-image-container hover-type-none\" style=\"border:0px solid #f6f6f6;-webkit-border-radius:0px;-moz-border-radius:0px;border-radius:0px;\"><img decoding=\"async\" class=\"person-img img-responsive wp-image-13180\" width=\"1856\" height=\"2560\" src=\"https:\/\/staging.maisel-consulting.com\/wp-content\/uploads\/Bild-scaled-e1686126038476.jpeg\" alt=\"Anica Riess\" \/><\/div><\/div><div class=\"person-desc\" style=\"background-color:#ffffff;padding:40px;margin-top:0;\"><div class=\"person-author\"><div class=\"person-author-wrapper\"><span class=\"person-name\">Anica Riess<\/span><span class=\"person-title\">Projektassistenz<\/span><\/div><\/div><div class=\"person-content fusion-clearfix\"><a href=\"mailto:anica.riess@maisel-consulting.de\">anica.riess@maisel-consulting.de<\/a><br \/>\nT\u00a0\u00a0+49-911-95 35-250<\/div><div class=\"fusion-social-networks\"><div class=\"fusion-social-networks-wrapper\"><a class=\"fusion-social-network-icon fusion-tooltip fusion-linkedin awb-icon-linkedin custom\" aria-label=\"fusion-linkedin\" href=\"https:\/\/www.linkedin.com\/in\/anica-rie%C3%9F-0133b91aa\/\" target=\"_blank\" rel=\"noopener noreferrer\" style=\"color:#bebdbd;font-size:16px;\" data-placement=\"top\" data-title=\"LinkedIn\" title=\"LinkedIn\" data-toggle=\"tooltip\"><\/a><a class=\"fusion-social-network-icon fusion-tooltip fusion-dribbble awb-icon-dribbble custom\" aria-label=\"fusion-dribbble\" href=\"https:\/\/www.xing.com\/profile\/Anica_Riess\" target=\"_blank\" rel=\"noopener noreferrer\" style=\"color:#bebdbd;font-size:16px;\" data-placement=\"top\" data-title=\"Dribbble\" title=\"Dribbble\" data-toggle=\"tooltip\"><\/a><\/div><\/div><\/div><\/div><div class=\"fusion-clearfix\"><\/div><\/div><\/div><\/div><\/div><\/p>\n","protected":false},"excerpt":{"rendered":"","protected":false},"author":1,"featured_media":0,"parent":0,"menu_order":500,"comment_status":"closed","ping_status":"closed","template":"","meta":{"footnotes":""},"_links":{"self":[{"href":"https:\/\/staging.maisel-consulting.com\/en\/wp-json\/wp\/v2\/pages\/4233"}],"collection":[{"href":"https:\/\/staging.maisel-consulting.com\/en\/wp-json\/wp\/v2\/pages"}],"about":[{"href":"https:\/\/staging.maisel-consulting.com\/en\/wp-json\/wp\/v2\/types\/page"}],"author":[{"embeddable":true,"href":"https:\/\/staging.maisel-consulting.com\/en\/wp-json\/wp\/v2\/users\/1"}],"replies":[{"embeddable":true,"href":"https:\/\/staging.maisel-consulting.com\/en\/wp-json\/wp\/v2\/comments?post=4233"}],"version-history":[{"count":132,"href":"https:\/\/staging.maisel-consulting.com\/en\/wp-json\/wp\/v2\/pages\/4233\/revisions"}],"predecessor-version":[{"id":13242,"href":"https:\/\/staging.maisel-consulting.com\/en\/wp-json\/wp\/v2\/pages\/4233\/revisions\/13242"}],"wp:attachment":[{"href":"https:\/\/staging.maisel-consulting.com\/en\/wp-json\/wp\/v2\/media?parent=4233"}],"curies":[{"name":"wp","href":"https:\/\/api.w.org\/{rel}","templated":true}]}}